{"id":258,"date":"2025-09-29T15:36:43","date_gmt":"2025-09-29T21:36:43","guid":{"rendered":"https:\/\/www.intentiobyatentio.com\/portal\/?page_id=258"},"modified":"2025-09-29T15:44:45","modified_gmt":"2025-09-29T21:44:45","slug":"alineacion-estrategica-en-hosteleria-y-turismo","status":"publish","type":"page","link":"https:\/\/www.intentiobyatentio.com\/portal\/alineacion-estrategica-en-hosteleria-y-turismo\/","title":{"rendered":"Alineaci\u00f3n Estrat\u00e9gica en Hosteler\u00eda y Turismo"},"content":{"rendered":"","protected":false},"excerpt":{"rendered":"","protected":false},"author":1,"featured_media":0,"parent":0,"menu_order":0,"comment_status":"closed","ping_status":"closed","template":"","meta":{"footnotes":""},"class_list":["post-258","page","type-page","status-publish","hentry"],"_links":{"self":[{"href":"https:\/\/www.intentiobyatentio.com\/portal\/wp-json\/wp\/v2\/pages\/258","targetHints":{"allow":["GET"]}}],"collection":[{"href":"https:\/\/www.intentiobyatentio.com\/portal\/wp-json\/wp\/v2\/pages"}],"about":[{"href":"https:\/\/www.intentiobyatentio.com\/portal\/wp-json\/wp\/v2\/types\/page"}],"author":[{"embeddable":true,"href":"https:\/\/www.intentiobyatentio.com\/portal\/wp-json\/wp\/v2\/users\/1"}],"replies":[{"embeddable":true,"href":"https:\/\/www.intentiobyatentio.com\/portal\/wp-json\/wp\/v2\/comments?post=258"}],"version-history":[{"count":1,"href":"https:\/\/www.intentiobyatentio.com\/portal\/wp-json\/wp\/v2\/pages\/258\/revisions"}],"predecessor-version":[{"id":259,"href":"https:\/\/www.intentiobyatentio.com\/portal\/wp-json\/wp\/v2\/pages\/258\/revisions\/259"}],"wp:attachment":[{"href":"https:\/\/www.intentiobyatentio.com\/portal\/wp-json\/wp\/v2\/media?parent=258"}],"curies":[{"name":"wp","href":"https:\/\/api.w.org\/{rel}","templated":true}]}}